{"id":23,"date":"2020-11-06T06:45:49","date_gmt":"2020-11-06T06:45:49","guid":{"rendered":"https:\/\/demo.casethemes.net\/intime\/?page_id=23"},"modified":"2023-07-03T14:52:12","modified_gmt":"2023-07-03T12:52:12","slug":"services","status":"publish","type":"page","link":"https:\/\/sofigib.com\/?page_id=23","title":{"rendered":"Services"},"content":{"rendered":"\t\t<div data-elementor-type=\"wp-page\" data-elementor-id=\"23\" class=\"elementor elementor-23\">\n\t\t\t\t\t\t\t        <section class=\"elementor-section elementor-top-section elementor-element elementor-element-e7f67e6 elementor-section-boxed elementor-section-height-default elementor-section-height-default\" data-id=\"e7f67e6\" data-element_type=\"section\">\n            \n                        <div class=\"elementor-container elementor-column-gap-default \">\n                    <div class=\"elementor-column elementor-col-100 elementor-top-column elementor-element elementor-element-253b49e\" data-id=\"253b49e\" data-element_type=\"column\">\n            <div class=\"elementor-widget-wrap elementor-element-populated\">\n                        \t\t<div class=\"elementor-element elementor-element-7916af7 elementor-widget elementor-widget-heading\" data-id=\"7916af7\" data-element_type=\"widget\" data-widget_type=\"heading.default\">\n\t\t\t\t<div class=\"elementor-widget-container\">\n\t\t\t<style>\/*! elementor - v3.15.0 - 31-07-2023 *\/\n.elementor-heading-title{padding:0;margin:0;line-height:1}.elementor-widget-heading .elementor-heading-title[class*=elementor-size-]>a{color:inherit;font-size:inherit;line-height:inherit}.elementor-widget-heading .elementor-heading-title.elementor-size-small{font-size:15px}.elementor-widget-heading .elementor-heading-title.elementor-size-medium{font-size:19px}.elementor-widget-heading .elementor-heading-title.elementor-size-large{font-size:29px}.elementor-widget-heading .elementor-heading-title.elementor-size-xl{font-size:39px}.elementor-widget-heading .elementor-heading-title.elementor-size-xxl{font-size:59px}<\/style><h1 class=\"elementor-heading-title elementor-size-default\">Nos services<\/h1>\t\t<\/div>\n\t\t\t\t<\/div>\n\t\t            <\/div>\n        <\/div>\n                            <\/div>\n        <\/section>\n                <section class=\"elementor-section elementor-top-section elementor-element elementor-element-8e34c07 elementor-section-full_width elementor-section-height-default elementor-section-height-default\" data-id=\"8e34c07\" data-element_type=\"section\">\n            \n                        <div class=\"elementor-container elementor-column-gap-default \">\n                    <div class=\"elementor-column elementor-col-33 elementor-top-column elementor-element elementor-element-0d14aff\" data-id=\"0d14aff\" data-element_type=\"column\">\n            <div class=\"elementor-widget-wrap elementor-element-populated\">\n                        \t\t<div class=\"elementor-element elementor-element-f916c48 elementor-widget elementor-widget-text-editor\" data-id=\"f916c48\" data-element_type=\"widget\" data-widget_type=\"text-editor.default\">\n\t\t\t\t<div class=\"elementor-widget-container\">\n\t\t\t<style>\/*! elementor - v3.15.0 - 31-07-2023 *\/\n.elementor-widget-text-editor.elementor-drop-cap-view-stacked .elementor-drop-cap{background-color:#69727d;color:#fff}.elementor-widget-text-editor.elementor-drop-cap-view-framed .elementor-drop-cap{color:#69727d;border:3px solid;background-color:transparent}.elementor-widget-text-editor:not(.elementor-drop-cap-view-default) .elementor-drop-cap{margin-top:8px}.elementor-widget-text-editor:not(.elementor-drop-cap-view-default) .elementor-drop-cap-letter{width:1em;height:1em}.elementor-widget-text-editor .elementor-drop-cap{float:left;text-align:center;line-height:1;font-size:50px}.elementor-widget-text-editor .elementor-drop-cap-letter{display:inline-block}<\/style>\t\t\t\t<ul><li>Garantie des cr\u00e9dits \u00e0 court terme<\/li><li>Garantie des cr\u00e9dits \u00e0 moyen terme<\/li><li>Garantie des cr\u00e9dits \u00e0 long terme<\/li><\/ul>\t\t\t\t\t\t<\/div>\n\t\t\t\t<\/div>\n\t\t            <\/div>\n        <\/div>\n                <div class=\"elementor-column elementor-col-33 elementor-top-column elementor-element elementor-element-52628da\" data-id=\"52628da\" data-element_type=\"column\">\n            <div class=\"elementor-widget-wrap elementor-element-populated\">\n                        \t\t<div class=\"elementor-element elementor-element-e6dc63e elementor-widget elementor-widget-text-editor\" data-id=\"e6dc63e\" data-element_type=\"widget\" data-widget_type=\"text-editor.default\">\n\t\t\t\t<div class=\"elementor-widget-container\">\n\t\t\t\t\t\t\t<ul><li>Etude et montage des dossiers bancables<\/li><li>Suivi investissement des projets<\/li><li>Suivi accompagnement des projets<\/li><\/ul>\t\t\t\t\t\t<\/div>\n\t\t\t\t<\/div>\n\t\t            <\/div>\n        <\/div>\n                <div class=\"elementor-column elementor-col-33 elementor-top-column elementor-element elementor-element-ef95cb6\" data-id=\"ef95cb6\" data-element_type=\"column\">\n            <div class=\"elementor-widget-wrap elementor-element-populated\">\n                        \t\t<div class=\"elementor-element elementor-element-3602725 elementor-widget elementor-widget-text-editor\" data-id=\"3602725\" data-element_type=\"widget\" data-widget_type=\"text-editor.default\">\n\t\t\t\t<div class=\"elementor-widget-container\">\n\t\t\t\t\t\t\t<ul><li>Secteur primaire<\/li><li>Secteur secondaire<\/li><li>Secteur tertiaire<\/li><\/ul>\t\t\t\t\t\t<\/div>\n\t\t\t\t<\/div>\n\t\t            <\/div>\n        <\/div>\n                            <\/div>\n        <\/section>\n                <section class=\"elementor-section elementor-top-section elementor-element elementor-element-da46ba9 elementor-section-boxed elementor-section-height-default elementor-section-height-default\" data-id=\"da46ba9\" data-element_type=\"section\">\n            \n                        <div class=\"elementor-container elementor-column-gap-default \">\n                    <div class=\"elementor-column elementor-col-33 elementor-top-column elementor-element elementor-element-9eed8c6\" data-id=\"9eed8c6\" data-element_type=\"column\">\n            <div class=\"elementor-widget-wrap elementor-element-populated\">\n                        \t\t<div class=\"elementor-element elementor-element-617607d elementor-widget elementor-widget-heading\" data-id=\"617607d\" data-element_type=\"widget\" data-widget_type=\"heading.default\">\n\t\t\t\t<div class=\"elementor-widget-container\">\n\t\t\t<h2 class=\"elementor-heading-title elementor-size-default\">Conditions d'intervention<\/h2>\t\t<\/div>\n\t\t\t\t<\/div>\n\t\t            <\/div>\n        <\/div>\n                <div class=\"elementor-column elementor-col-33 elementor-top-column elementor-element elementor-element-58488a3\" data-id=\"58488a3\" data-element_type=\"column\">\n            <div class=\"elementor-widget-wrap elementor-element-populated\">\n                        \t\t<div class=\"elementor-element elementor-element-739b258 elementor-widget elementor-widget-heading\" data-id=\"739b258\" data-element_type=\"widget\" data-widget_type=\"heading.default\">\n\t\t\t\t<div class=\"elementor-widget-container\">\n\t\t\t<h2 class=\"elementor-heading-title elementor-size-default\">Co\u00fbt de la garantie<\/h2>\t\t<\/div>\n\t\t\t\t<\/div>\n\t\t            <\/div>\n        <\/div>\n                <div class=\"elementor-column elementor-col-33 elementor-top-column elementor-element elementor-element-d73ea62\" data-id=\"d73ea62\" data-element_type=\"column\">\n            <div class=\"elementor-widget-wrap elementor-element-populated\">\n                        \t\t<div class=\"elementor-element elementor-element-ee6673f elementor-widget elementor-widget-heading\" data-id=\"ee6673f\" data-element_type=\"widget\" data-widget_type=\"heading.default\">\n\t\t\t\t<div class=\"elementor-widget-container\">\n\t\t\t<h2 class=\"elementor-heading-title elementor-size-default\">Co\u00fbt des prestations<\/h2>\t\t<\/div>\n\t\t\t\t<\/div>\n\t\t            <\/div>\n        <\/div>\n                            <\/div>\n        <\/section>\n                <section class=\"elementor-section elementor-top-section elementor-element elementor-element-751dac5 elementor-section-boxed elementor-section-height-default elementor-section-height-default\" data-id=\"751dac5\" data-element_type=\"section\">\n            \n                        <div class=\"elementor-container elementor-column-gap-default \">\n                    <div class=\"elementor-column elementor-col-33 elementor-top-column elementor-element elementor-element-5847e2a\" data-id=\"5847e2a\" data-element_type=\"column\">\n            <div class=\"elementor-widget-wrap elementor-element-populated\">\n                        \t\t<div class=\"elementor-element elementor-element-cb1e7ca elementor-widget elementor-widget-text-editor\" data-id=\"cb1e7ca\" data-element_type=\"widget\" data-widget_type=\"text-editor.default\">\n\t\t\t\t<div class=\"elementor-widget-container\">\n\t\t\t\t\t\t\t<ul>\n \t<li style=\"text-align: justify;\">Garantie: cautionnement simple<\/li>\n \t<li style=\"text-align: justify;\">Quotit\u00e9 Garantie: 70% maximum du montant du cr\u00e9dit<\/li>\n \t<li style=\"text-align: justify;\">Nature des cr\u00e9dits\n<ul>\n \t<li>Investissement<\/li>\n \t<li>Fonds de roulement<\/li>\n \t<li>Besoin de tr\u00e9sorie sous forme de court terme (cycle sp\u00e9cifique de producteurs, cr\u00e9dit de campagne, avance sur march\u00e9, etc)<\/li>\n<\/ul>\n<\/li>\n \t<li style=\"text-align: justify;\">Dur\u00e9e du cr\u00e9dit: Dix (10) ans maximun<\/li>\n \t<li style=\"text-align: justify;\">Quotit\u00e9 d&#8217;apport personnel: 15% minimum du co\u00fbt du projet<\/li>\n<\/ul>\t\t\t\t\t\t<\/div>\n\t\t\t\t<\/div>\n\t\t            <\/div>\n        <\/div>\n                <div class=\"elementor-column elementor-col-33 elementor-top-column elementor-element elementor-element-b71bb73\" data-id=\"b71bb73\" data-element_type=\"column\">\n            <div class=\"elementor-widget-wrap elementor-element-populated\">\n                        \t\t<div class=\"elementor-element elementor-element-8edeb5d elementor-widget elementor-widget-text-editor\" data-id=\"8edeb5d\" data-element_type=\"widget\" data-widget_type=\"text-editor.default\">\n\t\t\t\t<div class=\"elementor-widget-container\">\n\t\t\t\t\t\t\t<ul>\n \t<li style=\"text-align: justify;\">Commission de risque: 1,25% l&#8217;an, calcul\u00e9e sur le montant de l&#8217;encours annuel garanti ne pouvant exc\u00e9der 70% de l&#8217;encours de la cr\u00e9ance. Elle est \u00e0 la charge de l&#8217;\u00e9tablissement de cr\u00e9dit b\u00e9n\u00e9ficiaire.<\/li>\n \t<li style=\"text-align: justify;\">Droit d&#8217;entr\u00e9e: 1,25% &#8220;flat&#8221;, calcul\u00e9 sur le montant garanti ne pouvant exc\u00e9der 70% du montant du cr\u00e9dit. Il est \u00e0 la charge du promoteur<\/li>\n<\/ul>\t\t\t\t\t\t<\/div>\n\t\t\t\t<\/div>\n\t\t            <\/div>\n        <\/div>\n                <div class=\"elementor-column elementor-col-33 elementor-top-column elementor-element elementor-element-1a2a9be\" data-id=\"1a2a9be\" data-element_type=\"column\">\n            <div class=\"elementor-widget-wrap elementor-element-populated\">\n                        \t\t<div class=\"elementor-element elementor-element-44db5d7 elementor-widget elementor-widget-text-editor\" data-id=\"44db5d7\" data-element_type=\"widget\" data-widget_type=\"text-editor.default\">\n\t\t\t\t<div class=\"elementor-widget-container\">\n\t\t\t\t\t\t\t<ul>\n \t<li style=\"text-align: justify;\">Etude et montage des dossiers: 0.50% du montant du cr\u00e9dit avec un plancher de 75 000 FCFA<\/li>\n \t<li style=\"text-align: justify;\">Service d&#8217;Alerte Precoce (Suivi investissement, suivi accompagnement): selon bar\u00e8me<\/li>\n<\/ul>\t\t\t\t\t\t<\/div>\n\t\t\t\t<\/div>\n\t\t            <\/div>\n        <\/div>\n                            <\/div>\n        <\/section>\n                <section class=\"elementor-section elementor-top-section elementor-element elementor-element-32d4dd8 elementor-section-boxed elementor-section-height-default elementor-section-height-default\" data-id=\"32d4dd8\" data-element_type=\"section\">\n            \n                        <div class=\"elementor-container elementor-column-gap-extended \">\n                    <div class=\"elementor-column elementor-col-100 elementor-top-column elementor-element elementor-element-f7034ac\" data-id=\"f7034ac\" data-element_type=\"column\">\n            <div class=\"elementor-widget-wrap elementor-element-populated\">\n                                <section class=\"elementor-section elementor-inner-section elementor-element elementor-element-26eab26 elementor-section-content-middle elementor-section-boxed elementor-section-height-default elementor-section-height-default\" data-id=\"26eab26\" data-element_type=\"section\">\n            \n                        <div class=\"elementor-container elementor-column-gap-extended \">\n                    <div class=\"elementor-column elementor-col-50 elementor-inner-column elementor-element elementor-element-219ff61\" data-id=\"219ff61\" data-element_type=\"column\">\n            <div class=\"elementor-widget-wrap elementor-element-populated\">\n                        \t\t<div class=\"elementor-element elementor-element-6459cbd elementor-widget elementor-widget-heading\" data-id=\"6459cbd\" data-element_type=\"widget\" data-widget_type=\"heading.default\">\n\t\t\t\t<div class=\"elementor-widget-container\">\n\t\t\t<h2 class=\"elementor-heading-title elementor-size-default\">Dispositions pratiques<\/h2>\t\t<\/div>\n\t\t\t\t<\/div>\n\t\t            <\/div>\n        <\/div>\n                <div class=\"elementor-column elementor-col-50 elementor-inner-column elementor-element elementor-element-7cd1ef7\" data-id=\"7cd1ef7\" data-element_type=\"column\">\n            <div class=\"elementor-widget-wrap elementor-element-populated\">\n                        \t\t<div class=\"elementor-element elementor-element-528bc6e elementor-widget elementor-widget-text-editor\" data-id=\"528bc6e\" data-element_type=\"widget\" data-widget_type=\"text-editor.default\">\n\t\t\t\t<div class=\"elementor-widget-container\">\n\t\t\t\t\t\t\t<h4 style=\"text-align: justify;\"><em>Les demandes de garantie sont \u00e0 adresser \u00e0 la <strong>SOFIGIB<\/strong> par les \u00e9tablissements de cr\u00e9dit ou par les promoteurs.<\/em><\/h4>\t\t\t\t\t\t<\/div>\n\t\t\t\t<\/div>\n\t\t            <\/div>\n        <\/div>\n                            <\/div>\n        <\/section>\n                    <\/div>\n        <\/div>\n                            <\/div>\n        <\/section>\n                <section class=\"elementor-section elementor-top-section elementor-element elementor-element-55d4c8b elementor-section-stretched elementor-section-boxed elementor-section-height-default elementor-section-height-default\" data-id=\"55d4c8b\" data-element_type=\"section\" data-settings=\"{&quot;stretch_section&quot;:&quot;section-stretched&quot;,&quot;background_background&quot;:&quot;classic&quot;}\" data-e-bg-lazyload=\"\">\n            \n                        <div class=\"elementor-container elementor-column-gap-extended \">\n                    <div class=\"elementor-column elementor-col-100 elementor-top-column elementor-element elementor-element-f076a27\" data-id=\"f076a27\" data-element_type=\"column\">\n            <div class=\"elementor-widget-wrap elementor-element-populated\">\n                                <section class=\"elementor-section elementor-inner-section elementor-element elementor-element-e0c2e9b elementor-section-boxed elementor-section-height-default elementor-section-height-default\" data-id=\"e0c2e9b\" data-element_type=\"section\">\n            \n                        <div class=\"elementor-container elementor-column-gap-extended \">\n                    <div class=\"elementor-column elementor-col-33 elementor-inner-column elementor-element elementor-element-8d785b6\" data-id=\"8d785b6\" data-element_type=\"column\">\n            <div class=\"elementor-widget-wrap\">\n                                    <\/div>\n        <\/div>\n                <div class=\"elementor-column elementor-col-33 elementor-inner-column elementor-element elementor-element-0756e86\" data-id=\"0756e86\" data-element_type=\"column\">\n            <div class=\"elementor-widget-wrap\">\n                                    <\/div>\n        <\/div>\n                <div class=\"elementor-column elementor-col-33 elementor-inner-column elementor-element elementor-element-3868b0e\" data-id=\"3868b0e\" data-element_type=\"column\">\n            <div class=\"elementor-widget-wrap\">\n                                    <\/div>\n        <\/div>\n                            <\/div>\n        <\/section>\n                    <\/div>\n        <\/div>\n                            <\/div>\n        <\/section>\n        \t\t\t\t\t<\/div>\n\t\t","protected":false},"excerpt":{"rendered":"<p>Nos services Garantie des cr\u00e9dits \u00e0 court terme Garantie des cr\u00e9dits \u00e0 moyen terme Garantie des cr\u00e9dits \u00e0 long terme Etude et montage des dossiers bancables Suivi investissement des projets Suivi accompagnement des projets Secteur primaire Secteur secondaire Secteur tertiaire Conditions d&#8217;intervention Co\u00fbt de la garantie Co\u00fbt des prestations Garantie: cautionnement simple Quotit\u00e9 Garantie: 70%&#8230;<\/p>\n","protected":false},"author":1,"featured_media":0,"parent":0,"menu_order":0,"comment_status":"closed","ping_status":"closed","template":"","meta":{"footnotes":""},"class_list":["post-23","page","type-page","status-publish","hentry"],"yoast_head":"<!-- This site is optimized with the Yoast SEO plugin v26.8 - https:\/\/yoast.com\/product\/yoast-seo-wordpress\/ -->\n<title>Services - Soci\u00e9t\u00e9 Financi\u00e8re de Garantie Interbancaire du Burkina | SOFIGIB<\/title>\n<meta name=\"robots\" content=\"index, follow, max-snippet:-1, max-image-preview:large, max-video-preview:-1\" \/>\n<link rel=\"canonical\" href=\"https:\/\/sofigib.com\/?page_id=23\" \/>\n<meta property=\"og:locale\" content=\"fr_FR\" \/>\n<meta property=\"og:type\" content=\"article\" \/>\n<meta property=\"og:title\" content=\"Services - Soci\u00e9t\u00e9 Financi\u00e8re de Garantie Interbancaire du Burkina | SOFIGIB\" \/>\n<meta property=\"og:description\" content=\"Nos services Garantie des cr\u00e9dits \u00e0 court terme Garantie des cr\u00e9dits \u00e0 moyen terme Garantie des cr\u00e9dits \u00e0 long terme Etude et montage des dossiers bancables Suivi investissement des projets Suivi accompagnement des projets Secteur primaire Secteur secondaire Secteur tertiaire Conditions d&#8217;intervention Co\u00fbt de la garantie Co\u00fbt des prestations Garantie: cautionnement simple Quotit\u00e9 Garantie: 70%...\" \/>\n<meta property=\"og:url\" content=\"https:\/\/sofigib.com\/?page_id=23\" \/>\n<meta property=\"og:site_name\" content=\"Soci\u00e9t\u00e9 Financi\u00e8re de Garantie Interbancaire du Burkina | SOFIGIB\" \/>\n<meta property=\"article:modified_time\" content=\"2023-07-03T12:52:12+00:00\" \/>\n<meta property=\"og:image\" content=\"https:\/\/sofigib.com\/wp-content\/uploads\/2023\/07\/Accueil.png\" \/>\n\t<meta property=\"og:image:width\" content=\"1329\" \/>\n\t<meta property=\"og:image:height\" content=\"598\" \/>\n\t<meta property=\"og:image:type\" content=\"image\/png\" \/>\n<meta name=\"twitter:card\" content=\"summary_large_image\" \/>\n<meta name=\"twitter:label1\" content=\"Dur\u00e9e de lecture estim\u00e9e\" \/>\n\t<meta name=\"twitter:data1\" content=\"2 minutes\" \/>\n<script type=\"application\/ld+json\" class=\"yoast-schema-graph\">{\"@context\":\"https:\/\/schema.org\",\"@graph\":[{\"@type\":\"WebPage\",\"@id\":\"https:\/\/sofigib.com\/?page_id=23\",\"url\":\"https:\/\/sofigib.com\/?page_id=23\",\"name\":\"Services - Soci\u00e9t\u00e9 Financi\u00e8re de Garantie Interbancaire du Burkina | SOFIGIB\",\"isPartOf\":{\"@id\":\"https:\/\/sofigib.com\/#website\"},\"datePublished\":\"2020-11-06T06:45:49+00:00\",\"dateModified\":\"2023-07-03T12:52:12+00:00\",\"breadcrumb\":{\"@id\":\"https:\/\/sofigib.com\/?page_id=23#breadcrumb\"},\"inLanguage\":\"fr-FR\",\"potentialAction\":[{\"@type\":\"ReadAction\",\"target\":[\"https:\/\/sofigib.com\/?page_id=23\"]}]},{\"@type\":\"BreadcrumbList\",\"@id\":\"https:\/\/sofigib.com\/?page_id=23#breadcrumb\",\"itemListElement\":[{\"@type\":\"ListItem\",\"position\":1,\"name\":\"Accueil\",\"item\":\"https:\/\/sofigib.com\/\"},{\"@type\":\"ListItem\",\"position\":2,\"name\":\"Services\"}]},{\"@type\":\"WebSite\",\"@id\":\"https:\/\/sofigib.com\/#website\",\"url\":\"https:\/\/sofigib.com\/\",\"name\":\"Soci\u00e9t\u00e9 Financi\u00e8re de Garantie Interbancaire du Burkina | SOFIGIB\",\"description\":\"Le partenaire de la Banque et de l&#039;Entreprise !\",\"publisher\":{\"@id\":\"https:\/\/sofigib.com\/#organization\"},\"alternateName\":\"SOFIGIB\",\"potentialAction\":[{\"@type\":\"SearchAction\",\"target\":{\"@type\":\"EntryPoint\",\"urlTemplate\":\"https:\/\/sofigib.com\/?s={search_term_string}\"},\"query-input\":{\"@type\":\"PropertyValueSpecification\",\"valueRequired\":true,\"valueName\":\"search_term_string\"}}],\"inLanguage\":\"fr-FR\"},{\"@type\":\"Organization\",\"@id\":\"https:\/\/sofigib.com\/#organization\",\"name\":\"SOFIGIB | Soci\u00e9t\u00e9 Financi\u00e8re de Garantie Interbancaire du Burkina Faso\",\"alternateName\":\"SOFIGIB\",\"url\":\"https:\/\/sofigib.com\/\",\"logo\":{\"@type\":\"ImageObject\",\"inLanguage\":\"fr-FR\",\"@id\":\"https:\/\/sofigib.com\/#\/schema\/logo\/image\/\",\"url\":\"https:\/\/sofigib.com\/wp-content\/uploads\/2022\/06\/logo_sofigib_ret.png\",\"contentUrl\":\"https:\/\/sofigib.com\/wp-content\/uploads\/2022\/06\/logo_sofigib_ret.png\",\"width\":440,\"height\":75,\"caption\":\"SOFIGIB | Soci\u00e9t\u00e9 Financi\u00e8re de Garantie Interbancaire du Burkina Faso\"},\"image\":{\"@id\":\"https:\/\/sofigib.com\/#\/schema\/logo\/image\/\"}}]}<\/script>\n<!-- \/ Yoast SEO plugin. -->","yoast_head_json":{"title":"Services - Soci\u00e9t\u00e9 Financi\u00e8re de Garantie Interbancaire du Burkina | SOFIGIB","robots":{"index":"index","follow":"follow","max-snippet":"max-snippet:-1","max-image-preview":"max-image-preview:large","max-video-preview":"max-video-preview:-1"},"canonical":"https:\/\/sofigib.com\/?page_id=23","og_locale":"fr_FR","og_type":"article","og_title":"Services - Soci\u00e9t\u00e9 Financi\u00e8re de Garantie Interbancaire du Burkina | SOFIGIB","og_description":"Nos services Garantie des cr\u00e9dits \u00e0 court terme Garantie des cr\u00e9dits \u00e0 moyen terme Garantie des cr\u00e9dits \u00e0 long terme Etude et montage des dossiers bancables Suivi investissement des projets Suivi accompagnement des projets Secteur primaire Secteur secondaire Secteur tertiaire Conditions d&#8217;intervention Co\u00fbt de la garantie Co\u00fbt des prestations Garantie: cautionnement simple Quotit\u00e9 Garantie: 70%...","og_url":"https:\/\/sofigib.com\/?page_id=23","og_site_name":"Soci\u00e9t\u00e9 Financi\u00e8re de Garantie Interbancaire du Burkina | SOFIGIB","article_modified_time":"2023-07-03T12:52:12+00:00","og_image":[{"width":1329,"height":598,"url":"https:\/\/sofigib.com\/wp-content\/uploads\/2023\/07\/Accueil.png","type":"image\/png"}],"twitter_card":"summary_large_image","twitter_misc":{"Dur\u00e9e de lecture estim\u00e9e":"2 minutes"},"schema":{"@context":"https:\/\/schema.org","@graph":[{"@type":"WebPage","@id":"https:\/\/sofigib.com\/?page_id=23","url":"https:\/\/sofigib.com\/?page_id=23","name":"Services - Soci\u00e9t\u00e9 Financi\u00e8re de Garantie Interbancaire du Burkina | SOFIGIB","isPartOf":{"@id":"https:\/\/sofigib.com\/#website"},"datePublished":"2020-11-06T06:45:49+00:00","dateModified":"2023-07-03T12:52:12+00:00","breadcrumb":{"@id":"https:\/\/sofigib.com\/?page_id=23#breadcrumb"},"inLanguage":"fr-FR","potentialAction":[{"@type":"ReadAction","target":["https:\/\/sofigib.com\/?page_id=23"]}]},{"@type":"BreadcrumbList","@id":"https:\/\/sofigib.com\/?page_id=23#breadcrumb","itemListElement":[{"@type":"ListItem","position":1,"name":"Accueil","item":"https:\/\/sofigib.com\/"},{"@type":"ListItem","position":2,"name":"Services"}]},{"@type":"WebSite","@id":"https:\/\/sofigib.com\/#website","url":"https:\/\/sofigib.com\/","name":"Soci\u00e9t\u00e9 Financi\u00e8re de Garantie Interbancaire du Burkina | SOFIGIB","description":"Le partenaire de la Banque et de l&#039;Entreprise !","publisher":{"@id":"https:\/\/sofigib.com\/#organization"},"alternateName":"SOFIGIB","potentialAction":[{"@type":"SearchAction","target":{"@type":"EntryPoint","urlTemplate":"https:\/\/sofigib.com\/?s={search_term_string}"},"query-input":{"@type":"PropertyValueSpecification","valueRequired":true,"valueName":"search_term_string"}}],"inLanguage":"fr-FR"},{"@type":"Organization","@id":"https:\/\/sofigib.com\/#organization","name":"SOFIGIB | Soci\u00e9t\u00e9 Financi\u00e8re de Garantie Interbancaire du Burkina Faso","alternateName":"SOFIGIB","url":"https:\/\/sofigib.com\/","logo":{"@type":"ImageObject","inLanguage":"fr-FR","@id":"https:\/\/sofigib.com\/#\/schema\/logo\/image\/","url":"https:\/\/sofigib.com\/wp-content\/uploads\/2022\/06\/logo_sofigib_ret.png","contentUrl":"https:\/\/sofigib.com\/wp-content\/uploads\/2022\/06\/logo_sofigib_ret.png","width":440,"height":75,"caption":"SOFIGIB | Soci\u00e9t\u00e9 Financi\u00e8re de Garantie Interbancaire du Burkina Faso"},"image":{"@id":"https:\/\/sofigib.com\/#\/schema\/logo\/image\/"}}]}},"_links":{"self":[{"href":"https:\/\/sofigib.com\/index.php?rest_route=\/wp\/v2\/pages\/23","targetHints":{"allow":["GET"]}}],"collection":[{"href":"https:\/\/sofigib.com\/index.php?rest_route=\/wp\/v2\/pages"}],"about":[{"href":"https:\/\/sofigib.com\/index.php?rest_route=\/wp\/v2\/types\/page"}],"author":[{"embeddable":true,"href":"https:\/\/sofigib.com\/index.php?rest_route=\/wp\/v2\/users\/1"}],"replies":[{"embeddable":true,"href":"https:\/\/sofigib.com\/index.php?rest_route=%2Fwp%2Fv2%2Fcomments&post=23"}],"version-history":[{"count":32,"href":"https:\/\/sofigib.com\/index.php?rest_route=\/wp\/v2\/pages\/23\/revisions"}],"predecessor-version":[{"id":7310,"href":"https:\/\/sofigib.com\/index.php?rest_route=\/wp\/v2\/pages\/23\/revisions\/7310"}],"wp:attachment":[{"href":"https:\/\/sofigib.com\/index.php?rest_route=%2Fwp%2Fv2%2Fmedia&parent=23"}],"curies":[{"name":"wp","href":"https:\/\/api.w.org\/{rel}","templated":true}]}}